{"id":11,"date":"2013-04-08T08:29:20","date_gmt":"2013-04-08T06:29:20","guid":{"rendered":"http:\/\/www.probertpsykologmottagning.se\/?page_id=11"},"modified":"2023-09-15T09:26:29","modified_gmt":"2023-09-15T07:26:29","slug":"kontakt","status":"publish","type":"page","link":"https:\/\/www.probertpsykologmottagning.se\/","title":{"rendered":"V\u00e4lkommen"},"content":{"rendered":"<p>Till Probert psykologmottagning.<\/p>\n<p>Jag som driver f\u00f6retaget heter <b>Ullrika Probert<\/b> \u00e4r legitimerad psykolog och legitimerad psykoterapeut med psykodynamisk inriktning, utbildad vid Lunds universitet. Jag har \u00e4ven specialistkompetens inom klinisk psykologi med inriktning mot psykologisk behandling\/psykoterapi, samt \u00e4r utbildad handledare.<\/p>\n<p>Du n\u00e5r mig per <b>telefon, 0761-667786<\/b>, eller kan &#8211; om jag \u00e4r upptagen &#8211; l\u00e4mna meddelande med namn och telefonnummer, s\u00e5 \u00e5terkommer jag vid tillf\u00e4lle vanligtvis samma dag. Det g\u00e5r ocks\u00e5 bra att kontakta mig via e-post, <strong><a href=\"mailto:ullrika(at)probert.se\">ullrika(at)probert.se<\/a>,<\/strong> inf\u00f6r ett eventuellt\u00a0telefonsamtal.<br \/>\nJag har inte m\u00f6jlighet att kommunicera via sms.<\/p>\n<p>Jag tar emot p\u00e5 <strong>Drottens psykoterapi, Drottensgatan 2<\/strong>, i centrala <strong>Lund<\/strong>.<br \/>\n<a href=\"http:\/\/www.drotten.com\">www.drotten.com<\/a><br \/>\n<em id=\"__mceDel\"><a href=\"tel:076%20-%20166%2077%2086\"><br \/>\n<\/a><\/em><\/p>\n","protected":false},"excerpt":{"rendered":"<p>Till Probert psykologmottagning. Jag som driver f\u00f6retaget heter Ullrika Probert \u00e4r legitimerad psykolog och legitimerad psykoterapeut med psykodynamisk inriktning, utbildad vid Lunds universitet. Jag har \u00e4ven specialistkompetens inom klinisk psykologi med inriktning mot psykologisk behandling\/psykoterapi, samt \u00e4r utbildad handledare. Du &hellip; <a href=\"https:\/\/www.probertpsykologmottagning.se\/\">Forts\u00e4tt l\u00e4sa <span class=\"meta-nav\">&rarr;<\/span><\/a><\/p>\n","protected":false},"author":1,"featured_media":0,"parent":0,"menu_order":0,"comment_status":"closed","ping_status":"closed","template":"","meta":{"footnotes":""},"_links":{"self":[{"href":"https:\/\/www.probertpsykologmottagning.se\/index.php?rest_route=\/wp\/v2\/pages\/11"}],"collection":[{"href":"https:\/\/www.probertpsykologmottagning.se\/index.php?rest_route=\/wp\/v2\/pages"}],"about":[{"href":"https:\/\/www.probertpsykologmottagning.se\/index.php?rest_route=\/wp\/v2\/types\/page"}],"author":[{"embeddable":true,"href":"https:\/\/www.probertpsykologmottagning.se\/index.php?rest_route=\/wp\/v2\/users\/1"}],"replies":[{"embeddable":true,"href":"https:\/\/www.probertpsykologmottagning.se\/index.php?rest_route=%2Fwp%2Fv2%2Fcomments&post=11"}],"version-history":[{"count":23,"href":"https:\/\/www.probertpsykologmottagning.se\/index.php?rest_route=\/wp\/v2\/pages\/11\/revisions"}],"predecessor-version":[{"id":133,"href":"https:\/\/www.probertpsykologmottagning.se\/index.php?rest_route=\/wp\/v2\/pages\/11\/revisions\/133"}],"wp:attachment":[{"href":"https:\/\/www.probertpsykologmottagning.se\/index.php?rest_route=%2Fwp%2Fv2%2Fmedia&parent=11"}],"curies":[{"name":"wp","href":"https:\/\/api.w.org\/{rel}","templated":true}]}}